{"id":1768,"date":"2023-02-01T12:04:11","date_gmt":"2023-02-01T12:04:11","guid":{"rendered":"https:\/\/panet.cat\/?page_id=1768"},"modified":"2023-03-25T09:36:37","modified_gmt":"2023-03-25T09:36:37","slug":"politica-de-xarxes-socials","status":"publish","type":"page","link":"https:\/\/panet.cat\/es\/politica-de-xarxes-socials\/","title":{"rendered":"POL\u00cdTICA DE XARXES SOCIALS"},"content":{"rendered":"<div data-elementor-type=\"wp-page\" data-elementor-id=\"1768\" class=\"elementor elementor-1768\" data-elementor-post-type=\"page\">\n\t\t\t\t\t\t<section class=\"elementor-section elementor-top-section elementor-element elementor-element-71305f7 elementor-section-boxed elementor-section-height-default elementor-section-height-default\" data-id=\"71305f7\" data-element_type=\"section\" data-e-type=\"section\">\n\t\t\t\t\t\t<div class=\"elementor-container elementor-column-gap-default\">\n\t\t\t\t\t<div class=\"elementor-column elementor-col-100 elementor-top-column elementor-element elementor-element-105fc8d\" data-id=\"105fc8d\" data-element_type=\"column\" data-e-type=\"column\">\n\t\t\t<div class=\"elementor-widget-wrap elementor-element-populated\">\n\t\t\t\t\t\t<div class=\"elementor-element elementor-element-76a35c0 elementor-widget elementor-widget-heading\" data-id=\"76a35c0\" data-element_type=\"widget\" data-e-type=\"widget\" data-widget_type=\"heading.default\">\n\t\t\t\t<div class=\"elementor-widget-container\">\n\t\t\t\t\t<h2 class=\"elementor-heading-title elementor-size-default\">POL\u00cdTICA DE XARXES SOCIALS\n<\/h2>\t\t\t\t<\/div>\n\t\t\t\t<\/div>\n\t\t\t\t<div class=\"elementor-element elementor-element-1bea087 elementor-widget elementor-widget-text-editor\" data-id=\"1bea087\" data-element_type=\"widget\" data-e-type=\"widget\" data-widget_type=\"text-editor.default\">\n\t\t\t\t<div class=\"elementor-widget-container\">\n\t\t\t\t\t\t\t\t\t<h5><strong>1 . Informaci\u00f3 sobre el responsable del tractament de les dades allotjades a la p\u00e0gina oficial de PANET GROUP BAKERY, S.L., a la xarxa social<\/strong><\/h5><p>De conformitat en deure informaci\u00f3 establert en el Reglament (UE) 2016\/679 de 27 d\u2019abril (GDPR) i la Llei Org\u00e0nica 3\/2018, de 5 de desembre (LOPDGDD),\u00a0<strong>PANET GROUP BAKERY, S.L.,\u00a0<\/strong>en endavant, el\u00a0<strong>RESPONSABLE\u00a0<\/strong>desitja posar en coneixement dels usuaris d\u2019aquesta xarxa social la pol\u00edtica respecte del tractament i protecci\u00f3 de les dades de car\u00e0cter personal d\u2019aquelles persones que volunt\u00e0riament accedeixen i utilitzen la p\u00e0gina oficial del\u00a0<strong>RESPONSABLE,<\/strong>\u00a0en la mateixa . L\u2019acc\u00e9s i \u00fas per l\u2019usuari d\u2019aquesta p\u00e0gina oficial del\u00a0<strong>RESPONSABLE,<\/strong>\u00a0suposa que accepta expressament aquesta pol\u00edtica de privacitat i que presta el seu consentiment per al tractament de les seves dades personals segons el que preveu la mateixa .<\/p><h5><strong>2 . Dades de menors d\u2019edat o incapa\u00e7os<\/strong><\/h5><p>L\u2019acc\u00e9s i registre en aquesta xarxa social est\u00e0 prohibit als menors de catorze (14) anys, de manera que igualment queda prohibit l\u2019acc\u00e9s i \u00fas dels menors de catorze (14 anys) a la p\u00e0gina oficial del\u00a0<strong>RESPONSABLE,\u00a0<\/strong>en la mateixa. Per la seva banda, si l\u2019usuari \u00e9s incapa\u00e7, el\u00a0<strong>RESPONSABLE,<\/strong>\u00a0adverteix que ser\u00e0 necess\u00e0ria l\u2019assist\u00e8ncia consentida del titular de la p\u00e0tria potestat o tutela de l\u2019usuari o el seu representant legal per a l\u2019acc\u00e9s i \u00fas d\u2019aquesta p\u00e0gina oficial del\u00a0<strong>RESPONSABLE.<\/strong><\/p><p>El\u00a0<strong>RESPONSABLE,<\/strong>\u00a0quedar\u00e0 expressament exonerada de qualsevol responsabilitat que pogu\u00e9s derivar de l\u2019\u00fas de la seva p\u00e0gina oficial per menors i incapa\u00e7os sent aquesta responsabilitat dels seus representants legals en cada cas .<\/p><h5><strong>3 . Identificaci\u00f3 de la ra\u00f3 social del responsable del fitxer<\/strong><\/h5><p>L\u2019usuari queda informat que el\u00a0<strong>RESPONSABLE,<\/strong>\u00a0amb domicili social a\u00a0<strong>Santa Creu de Calafell, 33 \u2013 08830 Sant Boi de Llobregat (Barcelona)<\/strong>, ostenta la condici\u00f3 de responsable dels fitxers i tractaments a trav\u00e9s dels quals es recullen i emmagatzemen les dades personals de l\u2019usuari com a conseq\u00fc\u00e8ncia del registre i \u00fas de la p\u00e0gina oficial del\u00a0<strong>RESPONSABLE,<\/strong>\u00a0en aquesta xarxa social , sense perjudici dels tractaments dels que \u00e9s responsable l\u2019entitat titular de la xarxa social en qu\u00e8 es troba la nostra p\u00e0gina oficial .<\/p><h5><strong>4 . Finalitats a qu\u00e8 es destinen les dades de car\u00e0cter personal , informaci\u00f3 i consentiment<\/strong><\/h5><p>Les dades personals proporcionades volunt\u00e0riament per l\u2019usuari al<strong>\u00a0RESPONSABLE,<\/strong>\u00a0a trav\u00e9s de la seva p\u00e0gina oficial formaran part d\u2019un tractament de dades responsabilitat del\u00a0<strong>RESPONSABLE,\u00a0<\/strong>amb la finalitat d\u2019oferir informaci\u00f3 del\u00a0<strong>RESPONSABLE,<\/strong>\u00a0per correu electr\u00f2nic , fax , SMS , comunitats socials o qualssevol altre mitj\u00e0 electr\u00f2nic o f\u00edsic , present o futur , que possibiliti realitzar comunicaci\u00f3 comercials , enviament de newsletter a aquells usuaris que es subscriguin , intercanviar informaci\u00f3 amb el\u00a0<strong>RESPONSABLE,\u00a0<\/strong>i altres usuaris i establir comunicaci\u00f3 amb tercers.<\/p><p>L\u2019usuari \u00e9s lliure d\u2019utilitzar la p\u00e0gina oficial del\u00a0<strong>RESPONSABLE,\u00a0<\/strong>en aquesta xarxa social, de manera que en cas que l\u2019usuari no estigui d\u2019acord amb el tractament de les seves dades amb aquestes finalitats, no ha d\u2019 utilitzar- ni proporcionar les seves dades personals.<\/p><p>A trav\u00e9s d\u2019aquesta p\u00e0gina oficial del\u00a0<strong>RESPONSABLE,\u00a0<\/strong>l\u2019usuari pot compartir textos , fotos , v\u00eddeos i altre tipus d\u2019informaci\u00f3 i \/ o continguts que estaran subjectes tant a la present pol\u00edtica com a les Normes i Condicions de la Plataforma. L\u2019usuari ser\u00e0 responsable de que tots els continguts que publiqui respectin la legislaci\u00f3 vigent , la present pol\u00edtica i les Normes de la Plataforma.<\/p><p>L\u2019usuari \u00fanicament podr\u00e0 publicar en aquesta p\u00e0gina oficial del\u00a0<strong>RESPONSABLE,<\/strong>\u00a0dades personals , fotografies i informacions o altres continguts la titularitat i propietat li pertanyin o respecte de les quals tingui l\u2019autoritzaci\u00f3 de tercers.<\/p><p>El\u00a0<strong>RESPONSABLE,<\/strong>\u00a0tindr\u00e0 dret a eliminar d\u2019aquesta p\u00e0gina oficial \u2013 de forma unilateral i sense pr\u00e8via comunicaci\u00f3 ni autoritzaci\u00f3 de l\u2019usuari- qualssevol continguts publicats per l\u2019usuari quan l\u2019usuari infringeixi o vulneri la legislaci\u00f3 vigent, les normes establertes en aquesta pol\u00edtica i les Normes de la Plataforma .<\/p><h5><strong>5 . Identificaci\u00f3 dels destinataris respecte dels quals el RESPONSABLE tingui previst la realitzaci\u00f3 de cessions o comunicacions de dades<\/strong><\/h5><p>S\u2019adverteix a l\u2019usuari que tota la informaci\u00f3 i continguts que publiqui a la p\u00e0gina oficial del\u00a0<strong>RESPONSABLE,<\/strong>\u00a0a la xarxa social podr\u00e0 ser coneguda pels restants usuaris de la p\u00e0gina oficial i de la plataforma de xarxa social. En conseq\u00fc\u00e8ncia, tota la informaci\u00f3 i continguts publicats per l\u2019usuari a la p\u00e0gina oficial del\u00a0<strong>RESPONSABLE,<\/strong>\u00a0en aquesta xarxa social ser\u00e0 objecte de comunicaci\u00f3 de la resta dels usuaris per la pr\u00f2pia naturalesa del servei.<\/p><p>El\u00a0<strong>RESPONSABLE,<\/strong>\u00a0\u00fanicament t\u00e9 prevista la realitzaci\u00f3 de cessions o comunicacions de dades que per ra\u00f3 de la normativa vigent hagi de realitzar a jutges, tribunals, administracions p\u00fabliques i autoritats competents de car\u00e0cter administratiu.<\/p><h5><strong>6 . Altres tercers prestadors de serveis<\/strong><\/h5><p>El\u00a0<strong>RESPONSABLE,<\/strong>\u00a0adverteix l\u2019usuari que aquesta entitat nom\u00e9s \u00e9s responsable i garanteix la confidencialitat, seguretat i tractament de les dades d\u2019acord amb la present pol\u00edtica, respecte de les dades de car\u00e0cter personal que reculli l\u2019usuari a trav\u00e9s de la present p\u00e0gina oficial en aquesta xarxa social, no tenint cap tipus de responsabilitat respecte dels tractaments i posteriors utilitzacions de les dades personals que es puguin efectuar tant pel titular de la xarxa social com per tercers prestadors de serveis de la societat de la informaci\u00f3 que poguessin accedir a aquestes dades per ra\u00f3 de la prestaci\u00f3 dels seus serveis o exercici de la seva activitat, tercers que estableixin hiperenlla\u00e7os a la xarxa social, ni d\u2019aquells responsables a qui a trav\u00e9s d\u2019hiperenlla\u00e7os el\u00a0<strong>RESPONSABLE,<\/strong>\u00a0remet als usuaris adherits a la present p\u00e0gina oficial .<\/p><h5><strong>7 . Qualitat de les dades<\/strong><\/h5><p>El<strong>\u00a0RESPONSABLE,<\/strong>\u00a0adverteix l\u2019usuari que, llevat l\u2019exist\u00e8ncia d\u2019una representaci\u00f3 legalment constitu\u00efda , cap usuari pot utilitzar la identitat d\u2019una altra persona i comunicar les seves dades personals, de manera que l\u2019 usuari en tot moment haur\u00e0 de tenir en compte que nom\u00e9s pot proporcionar dades personals corresponents a la seva pr\u00f2pia identitat i que siguin adequades, pertinents, actuals, exactes i veritables. En qualsevol cas, l\u2019usuari haur\u00e0 de respectar la privacitat de tercers, siguin aquests usuaris o no de la xarxa social o de la p\u00e0gina oficial del\u00a0<strong>RESPONSABLE,<\/strong>\u00a0en la mateixa.<\/p><h5><strong>8 . Drets que assisteixen a l\u2019Interessat:<\/strong><\/h5><p>Dret a retirar el consentiment a qualsevol moment.<\/p><p>Dret d\u2019acc\u00e9s, rectificaci\u00f3, portabilitat i supressi\u00f3 de les seves dades i a la limitaci\u00f3 o oposici\u00f3 al seu tractament. Dret a presentar una reclamaci\u00f3 davant l\u2019Autoritat de control (www.aepd.es.) si considera que el tractament no s\u2019ajusta a la normativa vigent.<\/p><h5><strong>9 . Altra informaci\u00f3 d\u2019inter\u00e8s<\/strong><\/h5><p>El\u00a0<strong>RESPONSABLE,<\/strong>\u00a0podr\u00e0 modificar i \/ o substituir en qualsevol moment la present pol\u00edtica que, segons els casos, substituir\u00e0, completar\u00e0 i\/o modificar\u00e0 la actualment publicada aqu\u00ed recollida. Per aix\u00f2 l\u2019usuari haur\u00e0 d\u2019accedir peri\u00f2dicament a aquestes per tal de mantenir actualitzat .<\/p><p>L\u2019usuari pot contactar amb el\u00a0<strong>RESPONSABLE,<\/strong>\u00a0mitjan\u00e7ant el servei de missatgeria interna de la xarxa social o a trav\u00e9s de les seg\u00fcents adreces i dades de contacte :<\/p><p><strong>PANET GROUP BAKERY, S.L.<\/strong><\/p><p>administracio@panet.cat<\/p><p>Aix\u00ed mateix l\u2019 usuari pot consultar les normes i pol\u00edtiques publicades pel titular de la xarxa social per a l\u2019\u00fas de la mateixa..<\/p>\t\t\t\t\t\t\t\t<\/div>\n\t\t\t\t<\/div>\n\t\t\t\t\t<\/div>\n\t\t<\/div>\n\t\t\t\t\t<\/div>\n\t\t<\/section>\n\t\t\t\t<\/div>","protected":false},"excerpt":{"rendered":"<p>POL\u00cdTICA DE XARXES SOCIALS 1 . Informaci\u00f3 sobre el responsable del tractament de les dades allotjades a la p\u00e0gina oficial de PANET GROUP BAKERY, S.L., a la xarxa social De conformitat en deure informaci\u00f3 establert en el Reglament (UE) 2016\/679 de 27 d\u2019abril (GDPR) i la Llei Org\u00e0nica 3\/2018, de 5 de desembre (LOPDGDD),\u00a0PANET GROUP [&hellip;]<\/p>\n","protected":false},"author":1,"featured_media":0,"parent":0,"menu_order":0,"comment_status":"closed","ping_status":"closed","template":"","meta":{"_sitemap_exclude":false,"_sitemap_priority":"","_sitemap_frequency":"","site-sidebar-layout":"no-sidebar","site-content-layout":"page-builder","ast-site-content-layout":"default","site-content-style":"default","site-sidebar-style":"default","ast-global-header-display":"","ast-banner-title-visibility":"","ast-main-header-display":"","ast-hfb-above-header-display":"","ast-hfb-below-header-display":"","ast-hfb-mobile-header-display":"","site-post-title":"disabled","ast-breadcrumbs-content":"","ast-featured-img":"disabled","footer-sml-layout":"","ast-disable-related-posts":"","theme-transparent-header-meta":"","adv-header-id-meta":"","stick-header-meta":"","header-above-stick-meta":"","header-main-stick-meta":"","header-below-stick-meta":"","astra-migrate-meta-layouts":"default","ast-page-background-enabled":"default","ast-page-background-meta":{"desktop":{"background-color":"var(--ast-global-color-4)","background-image":"","background-repeat":"repeat","background-position":"center center","background-size":"auto","background-attachment":"scroll","background-type":"","background-media":"","overlay-type":"","overlay-color":"","overlay-opacity":"","overlay-gradient":""},"tablet":{"background-color":"","background-image":"","background-repeat":"repeat","background-position":"center center","background-size":"auto","background-attachment":"scroll","background-type":"","background-media":"","overlay-type":"","overlay-color":"","overlay-opacity":"","overlay-gradient":""},"mobile":{"background-color":"","background-image":"","background-repeat":"repeat","background-position":"center center","background-size":"auto","background-attachment":"scroll","background-type":"","background-media":"","overlay-type":"","overlay-color":"","overlay-opacity":"","overlay-gradient":""}},"ast-content-background-meta":{"desktop":{"background-color":"var(--ast-global-color-5)","background-image":"","background-repeat":"repeat","background-position":"center center","background-size":"auto","background-attachment":"scroll","background-type":"","background-media":"","overlay-type":"","overlay-color":"","overlay-opacity":"","overlay-gradient":""},"tablet":{"background-color":"var(--ast-global-color-5)","background-image":"","background-repeat":"repeat","background-position":"center center","background-size":"auto","background-attachment":"scroll","background-type":"","background-media":"","overlay-type":"","overlay-color":"","overlay-opacity":"","overlay-gradient":""},"mobile":{"background-color":"var(--ast-global-color-5)","background-image":"","background-repeat":"repeat","background-position":"center center","background-size":"auto","background-attachment":"scroll","background-type":"","background-media":"","overlay-type":"","overlay-color":"","overlay-opacity":"","overlay-gradient":""}},"_joinchat":[],"footnotes":""},"localidad":[],"class_list":["post-1768","page","type-page","status-publish","hentry"],"_links":{"self":[{"href":"https:\/\/panet.cat\/es\/wp-json\/wp\/v2\/pages\/1768","targetHints":{"allow":["GET"]}}],"collection":[{"href":"https:\/\/panet.cat\/es\/wp-json\/wp\/v2\/pages"}],"about":[{"href":"https:\/\/panet.cat\/es\/wp-json\/wp\/v2\/types\/page"}],"author":[{"embeddable":true,"href":"https:\/\/panet.cat\/es\/wp-json\/wp\/v2\/users\/1"}],"replies":[{"embeddable":true,"href":"https:\/\/panet.cat\/es\/wp-json\/wp\/v2\/comments?post=1768"}],"version-history":[{"count":7,"href":"https:\/\/panet.cat\/es\/wp-json\/wp\/v2\/pages\/1768\/revisions"}],"predecessor-version":[{"id":2487,"href":"https:\/\/panet.cat\/es\/wp-json\/wp\/v2\/pages\/1768\/revisions\/2487"}],"wp:attachment":[{"href":"https:\/\/panet.cat\/es\/wp-json\/wp\/v2\/media?parent=1768"}],"wp:term":[{"taxonomy":"localidad","embeddable":true,"href":"https:\/\/panet.cat\/es\/wp-json\/wp\/v2\/localidad?post=1768"}],"curies":[{"name":"wp","href":"https:\/\/api.w.org\/{rel}","templated":true}]}}