{"id":1774,"date":"2023-02-01T12:05:20","date_gmt":"2023-02-01T12:05:20","guid":{"rendered":"https:\/\/panet.cat\/?page_id=1774"},"modified":"2025-10-08T08:09:30","modified_gmt":"2025-10-08T08:09:30","slug":"condicions-generals-de-contractacio","status":"publish","type":"page","link":"https:\/\/panet.cat\/es\/condicions-generals-de-contractacio\/","title":{"rendered":"CONDICIONS GENERALS DE CONTRACTACI\u00d3"},"content":{"rendered":"<div data-elementor-type=\"wp-page\" data-elementor-id=\"1774\" class=\"elementor elementor-1774\" data-elementor-post-type=\"page\">\n\t\t\t\t\t\t<section class=\"elementor-section elementor-top-section elementor-element elementor-element-9b20a73 elementor-section-boxed elementor-section-height-default elementor-section-height-default\" data-id=\"9b20a73\" data-element_type=\"section\" data-e-type=\"section\">\n\t\t\t\t\t\t<div class=\"elementor-container elementor-column-gap-default\">\n\t\t\t\t\t<div class=\"elementor-column elementor-col-100 elementor-top-column elementor-element elementor-element-7556411\" data-id=\"7556411\" data-element_type=\"column\" data-e-type=\"column\">\n\t\t\t<div class=\"elementor-widget-wrap elementor-element-populated\">\n\t\t\t\t\t\t<div class=\"elementor-element elementor-element-2f1747b elementor-widget elementor-widget-heading\" data-id=\"2f1747b\" data-element_type=\"widget\" data-e-type=\"widget\" data-widget_type=\"heading.default\">\n\t\t\t\t<div class=\"elementor-widget-container\">\n\t\t\t\t\t<h2 class=\"elementor-heading-title elementor-size-default\">CONDICIONS GENERALS DE CONTRACTACI\u00d3\n<\/h2>\t\t\t\t<\/div>\n\t\t\t\t<\/div>\n\t\t\t\t<div class=\"elementor-element elementor-element-975ded8 elementor-widget elementor-widget-text-editor\" data-id=\"975ded8\" data-element_type=\"widget\" data-e-type=\"widget\" data-widget_type=\"text-editor.default\">\n\t\t\t\t<div class=\"elementor-widget-container\">\n\t\t\t\t\t\t\t\t\t<p><strong>CONDICIONS GENERALS DE CONTRACTACI\u00d3<\/strong><\/p>\n<h5><strong>Introducci\u00f3<\/strong><\/h5>\n<p>Aquest document contractual regir\u00e0 les Condicions Generals de contractaci\u00f3 en la compra de b\u00e9ns que puguin deteriorar-se o caducar amb rapidesa (en endavant, \u00abCondicions\u00bb) a trav\u00e9s del lloc web&nbsp;<a href=\"https:\/\/panet.cat\/es\/\">panetonline.<\/a>&nbsp;<u>\u00e9s<\/u>, propietat de PANET GROUP BAKERY, S.L. sota la marca comercial de PANET, en endavant, PRESTADOR, les dades de contacte de la qual figuren tamb\u00e9 en l\u2019Av\u00eds Legal d\u2019aquesta Web.<\/p>\n<p>Aquestes Condicions romandran publicades en el lloc web a disposici\u00f3 de l\u2019USUARI per a reproduir-les i guardarles com a confirmaci\u00f3 del contracte, podent ser modificades en qualsevol moment pel PRESTADOR. \u00c9s responsabilitat de l\u2019 USUARI llegir-les peri\u00f2dicament, ja que resultaran aplicables aquelles que es trobin vigents en el moment de la realitzaci\u00f3 de comandes.<\/p>\n<p>Els contractes no estaran subjectes a cap formalitat amb excepci\u00f3 dels sup\u00f2sits expressament assenyalats en els Codis Civil i de Comer\u00e7 i en aquesta o en altres lleis especials.<\/p>\n<p>L\u2019 acceptaci\u00f3 d\u2019 aquest document comporta que l\u2019 USUARI:<\/p>\n<p>Ha llegit, ent\u00e9n i compr\u00e8n el que s\u2019 ha exposat aqu\u00ed.<\/p>\n<p>\u00c9s una persona amb capacitat suficient per contractar.<\/p>\n<p>Assumeix totes les obligacions aqu\u00ed disposades.<\/p>\n<p>Aquestes condicions tindran un per\u00edode de validesa indefinit i seran aplicables a totes les contractacions realitzades a trav\u00e9s del lloc web del PRESTADOR.<\/p>\n<p>El PRESTADOR informa que, el comer\u00e7 \u00e9s responsable i coneix la legislaci\u00f3 vigent dels pa\u00efsos als quals envia els productes, i es reserva el dret de modificar unilateralment les condicions, sense que aix\u00f2 pugui afectar els b\u00e9ns o promocions que van ser adquirits pr\u00e8viament a la modificaci\u00f3.<\/p>\n<h5><strong>Identitat de les parts contractants<\/strong><\/h5>\n<p>D\u2019una banda, el PRESTADOR dels aliments contractats per l\u2019USUARI \u00e9s PANET GROUP BAKERY, S.L., amb domicili social a Santa Creu de Calafell, 33 \u2013 08830 Sant Boi de Llobregat (Barcelona), NIF B67417253 i amb tel\u00e8fon d\u2019atenci\u00f3 al client\/USUARI Espanya.<\/p>\n<p>I de l\u2019altra, l\u2019USUARI, registrat al lloc web mitjan\u00e7ant un nom d\u2019usuari i contrasenya, sobre els quals t\u00e9 responsabilitat plena d\u2019\u00fas i cust\u00f2dia, i \u00e9s responsable de la veracitat de les dades personals facilitades al PRESTADOR.<\/p>\n<h5><strong>Objecte del contracte<\/strong><\/h5>\n<p>El present contracte t\u00e9 per objecte regular la relaci\u00f3 contractual de compravenda nascuda entre el PRESTADOR i l\u2019 USUARI en el moment en qu\u00e8, aquest accepta durant el proc\u00e9s de contractaci\u00f3 en l\u00ednia la casella corresponent.<\/p>\n<p>La relaci\u00f3 contractual de compravenda comporta el lliurament, a canvi d\u2019 un preu determinat i p\u00fablicament exposat a trav\u00e9s del lloc web, d\u2019 un producte alimentari determinat.<\/p>\n<h5><strong>Procediment de contractaci\u00f3<\/strong><\/h5>\n<p>L\u2019USUARI, per poder accedir als productes que ofereix el PRESTADOR, haur\u00e0 de ser major d\u2019edat i donar-se d\u2019alta a trav\u00e9s del lloc web mitjan\u00e7ant la creaci\u00f3 d\u2019un compte d\u2019usuari. Per aix\u00f2, l\u2019USUARI haur\u00e0 de proporcionar de manera lliure i volunt\u00e0ria les dades personals que se li requeriran, les quals es tractaran de conformitat amb el que disposa el Reglament (UE) 2016\/679, de 27 d\u2019abril de 2016 (GDPR), relatiu a la protecci\u00f3 de les persones f\u00edsiques pel que fa al tractament de dades personals i a la lliure circulaci\u00f3 d\u2019aquestes dades i la Llei Org\u00e0nica 3\/2018, de 5 de desembre (LOPDGDD), relativa a la protecci\u00f3 de dades de car\u00e0cter personal i detallada en l\u2019Av\u00eds legal i en la Pol\u00edtica de privacitat d\u2019aquest lloc web.<\/p>\n<p>L\u2019USUARI seleccionar\u00e0 un nom d\u2019usuari i una contrasenya, comprometent-se a fer-ne un \u00fas diligent i a no posarlos a disposici\u00f3 de tercers, aix\u00ed com a comunicar al PRESTADOR la p\u00e8rdua o robatori dels mateixos o el possible acc\u00e9s per un tercer no autoritzat, de manera que aquest procedeixi al bloqueig immediat.<\/p>\n<p>Una vegada ha estat creat el compte d\u2019usuari, s\u2019informa que conforme al que exigeix l\u2019article 27 de la Llei 34\/2002, de Serveis de la Societat de la Informaci\u00f3 i del Comer\u00e7 Electr\u00f2nic (LSSICE), el procediment de contractaci\u00f3 seguir\u00e0 els seg\u00fcents passos:<\/p>\n<ol>\n<li>Cl\u00e0usules generals de contractaci\u00f3. 2. Tramesa i lliurament de comandes.<\/li>\n<li>Dret de desistiment.<\/li>\n<li>Reclamacions i resoluci\u00f3 de litigis en l\u00ednia.<\/li>\n<li>For\u00e7a major.<\/li>\n<li>Compet\u00e8ncia.<\/li>\n<li>Generalitats de l\u2019oferta.<\/li>\n<li>Preu i termini de validesa de l\u2019oferta.<\/li>\n<li>Despeses de transport.<\/li>\n<li>Forma de pagament, despeses i descomptes.<\/li>\n<li>Proc\u00e9s de compra.<\/li>\n<li>Dissociaci\u00f3 i suspensi\u00f3 o rescissi\u00f3 del contracte.<\/li>\n<li>Llei aplicable i jurisdicci\u00f3.<\/li>\n<\/ol>\n<h5><strong>1. CL\u00c0USULES GENERALS DE CONTRACTACI\u00d3<\/strong><\/h5>\n<p>Llevat d\u2019 estipulaci\u00f3 particular per escrit, la realitzaci\u00f3 d\u2019 una comanda al PRESTADOR suposar\u00e0 l\u2019 acceptaci\u00f3 per part de l\u2019 USUARI d\u2019 aquestes condicions legals. Cap estipulaci\u00f3 feta per l\u2019 USUARI podr\u00e0 diferir de les del PRESTADOR si no ha estat expressament acceptada per avan\u00e7at i per escrit pel PRESTADOR.<\/p>\n<h5><strong>2. LLIURAMENT DE COMANDES<\/strong><\/h5>\n<p>El termini de lliurament estar\u00e0 compr\u00e8s a partir de 2 dies laborables i segons data pactada amb l\u2019 establiment. S\u2019 ent\u00e9n aquest terme sempre que s\u2019 hagi confirmat la disponibilitat de la mercaderia i comprovat el pagament complet de la comanda.<\/p>\n<p>En cas que el PRESTADOR no hagu\u00e9s realitzat el lliurament de la mercaderia, en el temps establert en la comanda, per falta de disponibilitat del producte o servei, l\u2019 USUARI ser\u00e0 informat i quedar\u00e0 legitimat per cancel\u00b7lar la comanda i rebre la devoluci\u00f3 de l\u2019 import total pagat sense cap cost, i sense que per aix\u00f2 es derivi cap responsabilitat per danys i perjudicis imputable al PRESTADOR.<\/p>\n<p>En cas de retard injustificat per part del PRESTADOR respecte a la devoluci\u00f3 de l\u2019 import total, l\u2019 USUARI podr\u00e0 reclamar que se li pagui el doble de l\u2019 import adeu, sense perjudici al seu dret de ser indemnitzat pels danys i perjudicis soferts en el que excedeixin de l\u2019 esmentada quantitat.<\/p>\n<p>El PRESTADOR no assumir\u00e0 cap responsabilitat quan el lliurament del producte o servei no arribi a realitzar-se, per ser les dades facilitades per l\u2019 USUARI, falsos, inexactes o incomplets.<\/p>\n<p>El lliurament es considerar\u00e0 realitzat en el moment en qu\u00e8 el PRESTADOR hagi posat els productes a disposici\u00f3 de l\u2019 USUARI i aquest, o el delegat d\u2019 aquest, hagi rebut el document de recepci\u00f3 del lliurament.<\/p>\n<p>Correspon a l\u2019 USUARI verificar els productes a la recepci\u00f3 i exposar totes les salvetats i reclamacions que puguin estar justificades en el document de recepci\u00f3 del lliurament.<\/p>\n<h5><strong>3. DRET DE DESISTIMENT<\/strong><\/h5>\n<p>Els aliments que s\u2019ofereixen s\u00f3n peribles, \u00e9s a dir, que poden caducar o deteriorar-se en un curt per\u00edode de temps. Aquest tipus de subministrament de b\u00e9ns queda exempt de devoluci\u00f3, segons l\u2019inc\u00eds d) de l\u2019article 103 de la Llei 3\/2014, de 27 de mar\u00e7.<\/p>\n<p>De tota manera, s\u2019ofereix a l\u2019USUARI la possibilitat de reclamar els possibles vicis o defectes que presenti la comanda en un termini de 24 hores des del lliurament, tant en mode en l\u00ednia com fora de l\u00ednia, i, si es considera, realitzar la devoluci\u00f3.<\/p>\n<p>Tota devoluci\u00f3 haur\u00e0 de comunicar-se al PRESTADOR, per correu electr\u00f2nic a administracio@panet.cat, indicant el n\u00famero de factura o comanda corresponent. Un cop l\u2019USUARI hagi rebut el n\u00famero de devoluci\u00f3, far\u00e0 arribar el producte al PRESTADOR, indicant aquest n\u00famero a la carta d\u2019enviament, amb les despeses de transport al seu c\u00e0rrec, al domicili de PANET GROUP BAKERY, S.L., Santa Creu de Calafell, 33 \u2013 08830 Sant Boi de Llobregat<\/p>\n<p>(Barcelona)<\/p>\n<p>Analitzat el cas, si el PRESTADOR considera que el producte no complia les condicions de venda, en un termini de 48 hores informar\u00e0 l\u2019USUARI de l\u2019import i condicions del seu reemborsament.<\/p>\n<h5><strong>4. RECLAMACIONS I RESOLUCI\u00d3 DE LITIGIS EN L\u00cdNIA<\/strong><\/h5>\n<p>Qualsevol reclamaci\u00f3 que l\u2019 USUARI consideri oportuna ser\u00e0 atesa com m\u00e9s aviat millor, podent-se realitzar en les seg\u00fcents adreces de contacte:<\/p>\n<p>Postal: PANET GROUP BAKERY, S.L., Santa Creu de Calafell, 33 \u2013 08830 Sant Boi de Llobregat (Barcelona) Espanya E-mail:&nbsp;<u>administracio@panet.cat<\/u><\/p>\n<h5><strong>5. FOR\u00c7A MAJOR<\/strong><\/h5>\n<p>Les parts no incorreran en responsabilitat davant qualsevol falta deguda a causa major. El compliment de l\u2019 obligaci\u00f3 es demorar\u00e0 fins al cessament del cas de for\u00e7a major.<\/p>\n<h5><strong>6. COMPET\u00c8NCIA<\/strong><\/h5>\n<p>L\u2019 USUARI no podr\u00e0 cedir, transferir o transmetre els drets, responsabilitats i obligacions contractats en la venda.<\/p>\n<p>Si alguna estipulaci\u00f3 d\u2019 aquestes condicions fos considerada nul\u00b7la o d\u2019 impossible compliment, la validesa, legalitat i compliment de la resta no es veuran afectats de cap manera, ni patiran modificaci\u00f3 de cap manera.<\/p>\n<p>L\u2019USUARI declara haver llegit, con\u00e8ixer i acceptar les presents Condicions en tota la seva extensi\u00f3.<\/p>\n<h5><strong>7. GENERALITATS DE L\u2019OFERTA<\/strong><\/h5>\n<p>Totes les vendes i lliuraments efectuats pel PRESTADOR s\u2019 entendran sotmeses a les presents Condicions.<\/p>\n<p>Cap modificaci\u00f3, alteraci\u00f3 o pacte contrari a la Proposta Comercial de PANET GROUP BAKERY, S.L. o al que aqu\u00ed estipula, tindr\u00e0 efecte, llevat de pacte expr\u00e9s per escrit signat pel PRESTADOR, en aquest cas, aquests pactes particulars prevaldran.<\/p>\n<p>El PRESTADOR es reserva la facultat de modificar les seves especificacions respecte de la informaci\u00f3 facilitada en la seva publicitat, fins que no afecti el valor dels productes oferts. Aquestes modificacions tindran aix\u00ed mateix validesa en cas que, per qualsevol causa, es vei\u00e9s afectada la possibilitat de subministrament dels productes oferts.<\/p>\n<h5><strong>8. PREU I TERMINI DE VALIDESA DE L\u2019OFERTA<\/strong><\/h5>\n<p>Els preus que s\u2019indiquen respecte de cada producte inclouen l\u2019Impost sobre el Valor Afegit (IVA) o altres impostos que poguessin ser aplicables.<\/p>\n<p>Els preus aplicables a cada producte s\u00f3n els publicats al lloc web i s\u2019expressaran a la moneda EURO. L\u2019USUARI assumeix que la valoraci\u00f3 econ\u00f2mica d\u2019alguns dels productes podr\u00e0 variar en temps real.<\/p>\n<p>Abans de realitzar la compra, l\u2019USUARI podr\u00e0 comprovar en l\u00ednia tots els detalls del pressupost: articles, quantitats, preu, disponibilitat, c\u00e0rrecs, descomptes, impostos i el total de la compra. Els preus poden canviar di\u00e0riament mentre no es realitzi la comanda.<\/p>\n<p>Un cop realitzada la comanda, els preus es mantindran tant si hi ha disponibilitat de productes com si no.<\/p>\n<p>Tot pagament realitzat al PRESTADOR comporta l\u2019 emissi\u00f3 d\u2019 una factura a nom de l\u2019 USUARI registrat o de la ra\u00f3 social que aquest hagi informat en el moment de realitzar la comanda. Aquesta factura s\u2019 enviar\u00e0 en format paper juntament amb el producte adquirit. Es podr\u00e0 descarregar la factura en format PDF accedint al panell de gesti\u00f3 del web amb el compte d\u2019usuari. En cas de voler rebre-la mitjan\u00e7ant correu electr\u00f2nic, haur\u00e0 de sol\u00b7licitarho per qualsevol dels mitjans que el PRESTADOR posa a la seva disposici\u00f3, informant-lo que en qualsevol moment podr\u00e0 revocar aquesta decisi\u00f3.<\/p>\n<p>Per a qualsevol informaci\u00f3 sobre la comanda, l\u2019USUARI podr\u00e0 contactar a trav\u00e9s del tel\u00e8fon d\u2019atenci\u00f3 al client del PRESTADOR Espanya o via correu electr\u00f2nic a l\u2019adre\u00e7a administracio@panet.cat.<\/p>\n<ol start=\"9\">\n<li><strong>DESPESES DE TRANSPORT<\/strong><\/li>\n<\/ol>\n<p>No hi ha despeses de transport ja que la recollida \u00e9s al local que tri\u00ef l\u2019usuari a trav\u00e9s de la p\u00e0gina web.<\/p>\n<h5><strong>10. FORMES DE PAGAMENT, C\u00c0RRECS I DESCOMPTES<\/strong><\/h5>\n<p>El PRESTADOR \u00e9s el responsable de les transaccions econ\u00f2miques i possibilita la seg\u00fcent forma per efectuar el pagament d\u2019 una comanda:<\/p>\n<p>Targeta de cr\u00e8dit<\/p>\n<h5><strong>Mesures de seguretat<\/strong><\/h5>\n<p>El lloc web utilitza t\u00e8cniques de seguretat de la informaci\u00f3 generalment acceptades en la ind\u00fastria, com ara SSL, dades introdu\u00efdes en p\u00e0gina segura, firewalls, procediments de control d\u2019acc\u00e9s i mecanismes criptogr\u00e0fics, tot aix\u00f2 amb l\u2019objecte d\u2019evitar l\u2019acc\u00e9s no autoritzat a les dades. Per aconseguir aquestes finalitats, l\u2019usuari\/client accepta que el prestador obtingui dades per a efecte de la corresponent autenticaci\u00f3 dels controls d\u2019acc\u00e9s.<\/p>\n<p>El PRESTADOR es compromet a no permetre cap transacci\u00f3 que sigui o sigui considerada il\u00b7legal per les marques de targetes de cr\u00e8dit o el banc adquirent, que pugui o tingui el potencial de danyar la bona voluntat dels mateixos o influir de manera negativa en ells.<\/p>\n<p>Les seg\u00fcents activitats estan prohibides en virtut dels programes de les marques de targetes: la venda o oferta d\u2019 un producte o servei que no compleixi amb totes les lleis aplicables al Comprador, Banc Emissor, Comerciant o Titular de la targeta o targetes.<\/p>\n<h5><strong>11. PROC\u00c9S DE COMPRA<\/strong><\/h5>\n<p>Qualsevol producte del cat\u00e0leg es pot afegir a la cistella. En aquesta, nom\u00e9s s\u2019 observaran els articles, la quantitat, el preu i l\u2019 import total. Un cop guardada la cistella es procedir\u00e0 a calcular els impostos i descomptes segons les dades de pagament introdu\u00efdes.<\/p>\n<p>Les cistelles no tenen cap vinculaci\u00f3 administrativa, nom\u00e9s \u00e9s un apartat on es pot simular un pressupost sense cap comprom\u00eds per ambdues parts.<\/p>\n<p>Des de la cistella es pot fer una comanda seguint els passos seg\u00fcents per a la seva correcta formalitzaci\u00f3: 1. \u2013 Registra\u2019t com a usuari<\/p>\n<p>2.- Seleccionar els productes.<\/p>\n<p>3.- Comprovaci\u00f3 de la comanda.<\/p>\n<ol start=\"4\">\n<li>\u2013 Realitzar pagament.<\/li>\n<li>\u2013 Formalitzar la comanda (comprar).<\/li>\n<\/ol>\n<p>Una vegada processat la comanda, el sistema envia instant\u00e0niament un correu electr\u00f2nic al departament de gesti\u00f3 del PRESTADOR i un altre al correu de l\u2019USUARI confirmant la realitzaci\u00f3 de la comanda, el seu estat i la data d\u2019enviament i\/o lliurament aproximat.<\/p>\n<h5><strong>12. DISSOCIACI\u00d3 I SUSPENSI\u00d3 O RESCISSI\u00d3 DEL CONTRACTE<\/strong><\/h5>\n<p>Si qualsevol d\u2019 aquests termes i condicions es consider\u00e9s il\u00b7legal, nul\u00b7la o per qualsevol ra\u00f3 inaplicable, aquesta condici\u00f3 es considerar\u00e0 separable i no afectar\u00e0 la validesa i aplicabilitat de cap de les condicions restants.<\/p>\n<p>PANET podr\u00e0, sense previ av\u00eds, suspendre o acabar l\u2019 acc\u00e9s de l\u2019 USUARI als seus serveis d\u2019 e-commerce, en la seva totalitat o en part, per qualsevol ra\u00f3 v\u00e0lida, incloent,, sense limitacions, quan l\u2019 USUARI no compleixi o segueixi qualsevol de les obligacions establertes en aquest document o qualsevol disposici\u00f3 legal, llic\u00e8ncia, reglament, directiva, codi de pr\u00e0ctiques o pol\u00edtiques d\u2019 \u00fas aplicables.<\/p>\n<p>Quan PANET exerceixi qualsevol dels seus drets o facultats sota aquesta Cl\u00e0usula, aquest exercici no perjudicar\u00e0 ni afectar\u00e0 l\u2019 exercici de qualsevol altre dret, facultat o recurs que pugui estar a disposici\u00f3 de PANET.<\/p>\n<h5><strong>13. LLEI APLICABLE I JURISDICCI\u00d3<\/strong><\/h5>\n<p>Aquestes condicions es regiran o interpretaran conforme a la legislaci\u00f3 espanyola en all\u00f2 que no estigui expressament establert. El PRESTADOR i l\u2019USUARI acorden sotmetre als jutjats i tribunals del domicili de l\u2019USUARI qualsevol controv\u00e8rsia que pogu\u00e9s suscitar-se de la prestaci\u00f3 dels productes o serveis objecte d\u2019aquestes Condicions.<\/p>\t\t\t\t\t\t\t\t<\/div>\n\t\t\t\t<\/div>\n\t\t\t\t\t<\/div>\n\t\t<\/div>\n\t\t\t\t\t<\/div>\n\t\t<\/section>\n\t\t\t\t<\/div>","protected":false},"excerpt":{"rendered":"<p>CONDICIONS GENERALS DE CONTRACTACI\u00d3 CONDICIONS GENERALS DE CONTRACTACI\u00d3 Introducci\u00f3 Aquest document contractual regir\u00e0 les Condicions Generals de contractaci\u00f3 en la compra de b\u00e9ns que puguin deteriorar-se o caducar amb rapidesa (en endavant, \u00abCondicions\u00bb) a trav\u00e9s del lloc web&nbsp;panetonline.&nbsp;\u00e9s, propietat de PANET GROUP BAKERY, S.L. sota la marca comercial de PANET, en endavant, PRESTADOR, les dades [&hellip;]<\/p>\n","protected":false},"author":1,"featured_media":0,"parent":0,"menu_order":0,"comment_status":"closed","ping_status":"closed","template":"","meta":{"_sitemap_exclude":false,"_sitemap_priority":"","_sitemap_frequency":"","site-sidebar-layout":"no-sidebar","site-content-layout":"page-builder","ast-site-content-layout":"default","site-content-style":"default","site-sidebar-style":"default","ast-global-header-display":"","ast-banner-title-visibility":"","ast-main-header-display":"","ast-hfb-above-header-display":"","ast-hfb-below-header-display":"","ast-hfb-mobile-header-display":"","site-post-title":"disabled","ast-breadcrumbs-content":"","ast-featured-img":"disabled","footer-sml-layout":"","ast-disable-related-posts":"","theme-transparent-header-meta":"","adv-header-id-meta":"","stick-header-meta":"","header-above-stick-meta":"","header-main-stick-meta":"","header-below-stick-meta":"","astra-migrate-meta-layouts":"default","ast-page-background-enabled":"default","ast-page-background-meta":{"desktop":{"background-color":"var(--ast-global-color-4)","background-image":"","background-repeat":"repeat","background-position":"center center","background-size":"auto","background-attachment":"scroll","background-type":"","background-media":"","overlay-type":"","overlay-color":"","overlay-opacity":"","overlay-gradient":""},"tablet":{"background-color":"","background-image":"","background-repeat":"repeat","background-position":"center center","background-size":"auto","background-attachment":"scroll","background-type":"","background-media":"","overlay-type":"","overlay-color":"","overlay-opacity":"","overlay-gradient":""},"mobile":{"background-color":"","background-image":"","background-repeat":"repeat","background-position":"center center","background-size":"auto","background-attachment":"scroll","background-type":"","background-media":"","overlay-type":"","overlay-color":"","overlay-opacity":"","overlay-gradient":""}},"ast-content-background-meta":{"desktop":{"background-color":"var(--ast-global-color-5)","background-image":"","background-repeat":"repeat","background-position":"center center","background-size":"auto","background-attachment":"scroll","background-type":"","background-media":"","overlay-type":"","overlay-color":"","overlay-opacity":"","overlay-gradient":""},"tablet":{"background-color":"var(--ast-global-color-5)","background-image":"","background-repeat":"repeat","background-position":"center center","background-size":"auto","background-attachment":"scroll","background-type":"","background-media":"","overlay-type":"","overlay-color":"","overlay-opacity":"","overlay-gradient":""},"mobile":{"background-color":"var(--ast-global-color-5)","background-image":"","background-repeat":"repeat","background-position":"center center","background-size":"auto","background-attachment":"scroll","background-type":"","background-media":"","overlay-type":"","overlay-color":"","overlay-opacity":"","overlay-gradient":""}},"_joinchat":[],"footnotes":""},"localidad":[],"class_list":["post-1774","page","type-page","status-publish","hentry"],"_links":{"self":[{"href":"https:\/\/panet.cat\/es\/wp-json\/wp\/v2\/pages\/1774","targetHints":{"allow":["GET"]}}],"collection":[{"href":"https:\/\/panet.cat\/es\/wp-json\/wp\/v2\/pages"}],"about":[{"href":"https:\/\/panet.cat\/es\/wp-json\/wp\/v2\/types\/page"}],"author":[{"embeddable":true,"href":"https:\/\/panet.cat\/es\/wp-json\/wp\/v2\/users\/1"}],"replies":[{"embeddable":true,"href":"https:\/\/panet.cat\/es\/wp-json\/wp\/v2\/comments?post=1774"}],"version-history":[{"count":13,"href":"https:\/\/panet.cat\/es\/wp-json\/wp\/v2\/pages\/1774\/revisions"}],"predecessor-version":[{"id":4232,"href":"https:\/\/panet.cat\/es\/wp-json\/wp\/v2\/pages\/1774\/revisions\/4232"}],"wp:attachment":[{"href":"https:\/\/panet.cat\/es\/wp-json\/wp\/v2\/media?parent=1774"}],"wp:term":[{"taxonomy":"localidad","embeddable":true,"href":"https:\/\/panet.cat\/es\/wp-json\/wp\/v2\/localidad?post=1774"}],"curies":[{"name":"wp","href":"https:\/\/api.w.org\/{rel}","templated":true}]}}