{"id":299,"date":"2022-11-09T15:10:59","date_gmt":"2022-11-09T15:10:59","guid":{"rendered":"https:\/\/panet.cat\/?page_id=299"},"modified":"2023-03-25T09:33:15","modified_gmt":"2023-03-25T09:33:15","slug":"politica-de-cookies","status":"publish","type":"page","link":"https:\/\/panet.cat\/es\/politica-de-cookies\/","title":{"rendered":"POLITICA DE COOKIES"},"content":{"rendered":"<div data-elementor-type=\"wp-page\" data-elementor-id=\"299\" class=\"elementor elementor-299\" data-elementor-post-type=\"page\">\n\t\t\t\t\t\t<section class=\"elementor-section elementor-top-section elementor-element elementor-element-83677ae elementor-section-boxed elementor-section-height-default elementor-section-height-default\" data-id=\"83677ae\" data-element_type=\"section\" data-e-type=\"section\">\n\t\t\t\t\t\t<div class=\"elementor-container elementor-column-gap-default\">\n\t\t\t\t\t<div class=\"elementor-column elementor-col-100 elementor-top-column elementor-element elementor-element-1be29f8\" data-id=\"1be29f8\" data-element_type=\"column\" data-e-type=\"column\">\n\t\t\t<div class=\"elementor-widget-wrap elementor-element-populated\">\n\t\t\t\t\t\t<div class=\"elementor-element elementor-element-772606c elementor-widget elementor-widget-heading\" data-id=\"772606c\" data-element_type=\"widget\" data-e-type=\"widget\" data-widget_type=\"heading.default\">\n\t\t\t\t<div class=\"elementor-widget-container\">\n\t\t\t\t\t<h2 class=\"elementor-heading-title elementor-size-default\">POL\u00cdTICA DE COOKIES<\/h2>\t\t\t\t<\/div>\n\t\t\t\t<\/div>\n\t\t\t\t<div class=\"elementor-element elementor-element-7f67ca9 elementor-widget elementor-widget-text-editor\" data-id=\"7f67ca9\" data-element_type=\"widget\" data-e-type=\"widget\" data-widget_type=\"text-editor.default\">\n\t\t\t\t<div class=\"elementor-widget-container\">\n\t\t\t\t\t\t\t\t\t<p><strong>QU\u00c8 \u00c9S UNA COOKIE?<\/strong><\/p><p>Aquest lloc web utilitza cookies i\/o tecnologies similars que emmagatzemen i recuperen informaci\u00f3 quan navegues. En general, aquestes tecnologies poden servir per a finalitats molt diverses, com, per exemple, recon\u00e8ixer-te com a usuari, obtenir informaci\u00f3 sobre els teus h\u00e0bits de navegaci\u00f3 o personalitzes la forma en la qual es mostra el contingut. Els usos concrets que fem d\u2019aquestes tecnologies es descriuen a continuaci\u00f3.<\/p><p><strong>QUI UTILITZA LA INFORMACI\u00d3 DE LES COOKIES?<\/strong><\/p><p>Les dades emmagatzemades s\u00f3n tractades per l\u2019entitat Panet Group Bakery, SL amb CIF B67417253- amb domicili social a Ctra. Santa Creu de Calafell 33, 2n pis, 08830 Sant Boi de Llobregat, Barcelona.<\/p><p><strong>QUINS TIPUS DE COOKIES EXISTEIXEN?<\/strong><\/p><p>Les cookies poden classificar-se, en virtut de les seves caracter\u00edstiques pr\u00f2pies, dins de diverses categories.<\/p><p>1. Segons l\u2019entitat que la gestioni:<\/p><ul><li>Cookies pr\u00f2pies: S\u00f3n aquelles que s\u2019envien al teu ordinador i s\u00f3n gestionades exclusivament per nosaltres per al millor funcionament del lloc web.<\/li><li>Cookies de tercers: S\u00f3n aquelles que s\u2019envien al teu ordinador i no s\u00f3n gestionades per nosaltres sin\u00f3 per una tercera entitat.<\/li><\/ul><p>2. Segons el termini de temps que romanen activades:<\/p><ul><li>Cookies de sessi\u00f3: Aquest tipus de cookies recapten i emmagatzemen dades \u00fanicament mentre l\u2019Usuari accedeix al Lloc web.<\/li><li>Cookies persistents: Mitjan\u00e7ant aquest tipus de cookies les dades segueixen emmagatzemades i poden ser accedides i tractades durant el per\u00edode definit pel responsable de la cookie, i pot anar d\u2019uns minuts a diversos anys.<\/li><\/ul><p>3. Segons la finalitat:<\/p><ul><li>Cookies t\u00e8cniques: S\u00f3n aquelles que permeten a l\u2019usuari la navegaci\u00f3 a trav\u00e9s del lloc web, plataforma o aplicaci\u00f3 i la utilitzaci\u00f3 de les diferents opcions o serveis que el mateix ofereix, com per exemple, controlar el tr\u00e0fic\u00a0i\u00a0la comunicaci\u00f3 de dades,\u00a0identificar la\u00a0sessi\u00f3,\u00a0accedir a parts d\u2019acc\u00e9s restringit, recordar els elements que integren una comanda, realitzar el proc\u00e9s de compra d\u2019una comanda, realitzar la sol\u00b7licitud d\u2019inscripci\u00f3 o participaci\u00f3 en un esdeveniment, utilitzar elements de seguretat durant la navegaci\u00f3, emmagatzemar continguts per a la difusi\u00f3 de v\u00eddeos o so o compartir continguts a trav\u00e9s de xarxes socials.<\/li><li>Cookies de personalitzaci\u00f3: S\u00f3n aquelles que permeten a l\u2019usuari accedeix al servei amb algunes caracter\u00edstiques de car\u00e0cter general predefinides, com per exemple l\u2019 idioma, la configuraci\u00f3 regional des d\u2019on accedeix al servei, etc.<\/li><li>Cookies d\u2019an\u00e0lisi: S\u00f3n aquelles que permeten al responsable de les mateixes, el seguiment i an\u00e0lisi del comportament dels usuaris dels llocs web als quals estan. La informaci\u00f3 recollida mitjan\u00e7ant aquest tipus de cookies s\u2019utilitza en el mesurament de l\u2019activitat dels llocs web, aplicaci\u00f3 o plataforma i per a l\u2019elaboraci\u00f3 de perfils de navegaci\u00f3 dels usuaris d\u2019aquests llocs, aplicacions i plataformes, amb la finalitat d\u2019introduir millores en funci\u00f3 de l\u2019an\u00e0lisi de les dades d\u2019\u00fas que fan els usuaris del servei.<\/li><li>Cookies publicit\u00e0ries: S\u00f3n aquelles que permeten la gesti\u00f3, de la forma m\u00e9s efica\u00e7 possible, dels espais publicitaris que, si escau, s\u2019hagi incl\u00f2s en el lloc web, aplicaci\u00f3 o plataforma des de la qual presta el servei sol\u00b7licitat sobre la base dels criteris com el contingut editat o la freq\u00fc\u00e8ncia en la qual es mostren els anuncis.<\/li><li>Cookies de publicitat comportamental: S\u00f3n aquelles que permeten la gesti\u00f3, de la forma m\u00e9s efica\u00e7 possible, dels espais publicitaris que, si escau, l\u2019editor hagi incl\u00f2s a la seva p\u00e0gina web, aplicaci\u00f3 o plataforma des de la qual presta el servei sol\u00b7licitat. Aquestes cookies emmagatzemen informaci\u00f3 del comportament dels usuaris obtinguda a trav\u00e9s de l\u2019observaci\u00f3 continuada dels seus h\u00e0bits de navegaci\u00f3, la qual cosa permet desenvolupar un perfil espec\u00edfic per mostrar publicitat en funci\u00f3 del mateix.<\/li><\/ul><p><strong>QUINS TIPUS DE COOKIES UTILITZA AQUEST LLOC WEB?<\/strong><\/p><p>A continuaci\u00f3, s\u2019especifiquen les cookies en concret que es fan servir en aquest lloc web:<\/p><p>\u00a0<\/p><p><img fetchpriority=\"high\" decoding=\"async\" class=\"alignnone wp-image-2031 size-full\" src=\"https:\/\/panet.cat\/wp-content\/uploads\/2021\/08\/cookiescat-1.png\" sizes=\"(max-width: 644px) 100vw, 644px\" srcset=\"https:\/\/panet.cat\/wp-content\/uploads\/2021\/08\/cookiescat-1.png 644w, https:\/\/panet.cat\/wp-content\/uploads\/2021\/08\/cookiescat-1-300x115.png 300w, https:\/\/panet.cat\/wp-content\/uploads\/2021\/08\/cookiescat-1-600x229.png 600w\" alt=\"\" width=\"644\" height=\"246\" \/><\/p><p>Aquesta taula pot ser actualitzada conforme a les cookies que es fan servir en cada moment. T\u2019aconsellem que consultis la nostra Pol\u00edtica de cookies de forma regular.<\/p><p><strong>ES REALITZEN TRANSFER\u00c8NCIES DE DADES A TERCERS PA\u00cfSOS?<\/strong><\/p><p>Pots informar-te de les transfer\u00e8ncies a tercers pa\u00efsos que, si escau, realitzen els tercers identificats en aquesta pol\u00edtica de cookies en els seus corresponents pol\u00edtiques (Veure els enlla\u00e7os facilitats en la taula anterior, a l\u2019apartat de cookies de tercers).<\/p><p><strong>COM DESHABILITAR I BLOQUEJAR COOKIES?<\/strong><\/p><p>T\u2019informem que, en qualsevol cas, pots desactivar o bloquejar les cookies activant la configuraci\u00f3 del teu navegador, podent rebutjar la instal\u00b7laci\u00f3 de totes o algunes de les cookies. En cas de no permetre la instal\u00b7laci\u00f3 de cookies \u00e9s possible que no puguis accedir a algunes de les funcionalitats del present lloc web, i per tant, la teva experi\u00e8ncia com a usuari en el lloc web resulti menys satisfact\u00f2ria.<\/p><p>Pots permetre, bloquejar o eliminar les cookies instal\u00b7lades en el teu equip mitjan\u00e7ant la configuraci\u00f3 de les opcions del navegador instal\u00b7lat en el teu ordinador. Per a m\u00e9s informaci\u00f3 sobre com ajustar les teves configuracions de cookies en els seg\u00fcents navegadors, et remetem a l\u2019enlla\u00e7 pertinent:<\/p><p><strong>Internet Explorer<\/strong><\/p><p><a href=\"https:\/\/support.microsoft.com\/es-es\/help\/17442\/windows-internet-explorer-delete-manage-cookies\" target=\"_blank\" rel=\"noopener\">https:\/\/support.microsoft.com\/es-es\/help\/17442\/windows-internet-explorer-delete-manage-cookies<\/a><\/p><p><strong>Firefox<\/strong><\/p><p><a href=\"https:\/\/support.mozilla.org\/es\/kb\/habilitar-y-deshabilitar-cookies-sitios-web-rastrear-preferencias?redirectlocale=es&amp;redirectslug=habilitar-y-deshabilitar-cookies-que-los-sitios-we\" target=\"_blank\" rel=\"noopener\">https:\/\/support.mozilla.org\/es\/kb\/habilitar-y-deshabilitar-cookies-sitios-web-rastrear-preferencias?redirectlocale=es&amp;redirectslug=habilitar-y-deshabilitar-cookies-que-los-sitios-we<\/a><\/p><p><strong>Chrome<\/strong><\/p><p><a href=\"http:\/\/support.google.com\/chrome\/bin\/answer.py?hl=en&amp;answer=95647\" target=\"_blank\" rel=\"noopener\">http:\/\/support.google.com\/chrome\/bin\/answer.py?hl=en&amp;answer=95647<\/a><\/p><p><strong>Safari<\/strong><\/p><p><a href=\"https:\/\/support.apple.com\/kb\/PH19214?viewlocale=es_ES&amp;locale=es_ES\" target=\"_blank\" rel=\"noopener\">https:\/\/support.apple.com\/kb\/ph19214?viewlocale=es_es&amp;locale=\u00e9s_\u00c9S<\/a><\/p><p><strong>Opera<\/strong><\/p><p><a href=\"http:\/\/help.opera.com\/Windows\/11.50\/es-ES\/cookies.html\" target=\"_blank\" rel=\"noopener\">http:\/\/help.opera.com\/windows\/11.50\/es-es\/cookies.html<\/a><\/p><p><strong>QUINS DRETS TENS SOBRE LES DADES PERSONALS APORTADES?<\/strong><\/p><p>Com a usuari, pots exercitar els seg\u00fcents drets:<\/p><ul><li>Dret d\u2019acc\u00e9s: Tens dret a obtenir per part de l\u2019empresa confirmaci\u00f3 de si s\u2019estan tractant o no les teves dades personals que, i si es el cas, quines dades tracta.<\/li><li>Dret de rectificaci\u00f3: Tens dret a obtenir per part de l\u2019empresa, la rectificaci\u00f3 de les dades personals inexactes que et concerneixen. En la sol\u00b7licitud de rectificaci\u00f3 haur\u00e0s d\u2019indicar les dades que vols que es modifiquin.<\/li><li>Dret d\u2019oposici\u00f3: Tens dret a oposar-te en qualsevol moment, per motius relacionats amb la teva situaci\u00f3 particular, al fet que dades personals que et concerneixin siguin objecte d\u2019un tractament basat en l\u2019inter\u00e8s leg\u00edtim de l\u2019empresa. En aquest cas, l\u2019empresa deixar\u00e0 de tractar les dades personals, tret que acreditem motius leg\u00edtims imperiosos pel tractament que prevalguin sobre els teus interessos, drets i llibertats, o per a la formulaci\u00f3, l\u2019exercici o la defensa de reclamacions.<\/li><li>Dret de supressi\u00f3: Tens dret a obtenir per part de l\u2019empresa, la supressi\u00f3 de les dades personals que et concerneixin.<\/li><li>Dret a la portabilitat de les dades: Tens dret al fet que l\u2019empresa transfereixi les teves dades personals a un altre responsable del tractament. Nom\u00e9s \u00e9s possible exercir aquest dret quan el tractament estigui basat en l\u2019execuci\u00f3 d\u2019un contracte o al teu consentiment i el tractament es realitzi per mitjans automatitzats.<\/li><li>Dret a la limitaci\u00f3 del tractament: Tens dret a sol\u00b7licitar-nos que suspenguem el tractament de les teves dades quan: impugnes l\u2019exactitud de les dades, mentre l\u2019empresa verifica aquesta exactitud; hagis exercit el dret d\u2019oposici\u00f3 a el tractament de les teves dades, mentre que es verifica si els motius leg\u00edtims de l\u2019empresa prevalen sobre els teus com interessat.<\/li><li>Dret a no ser objecte de decisions individuals automatitzades, inclosa l\u2019elaboraci\u00f3 de perfils: tens dret a no ser objecte d\u2019una decisi\u00f3 basada \u00fanicament en el tractament automatitzat, inclosa l\u2019elaboraci\u00f3 de perfils, que produeixi efectes jur\u00eddics o t\u2019afecti significativament de manera similar.<\/li><\/ul><p>En qualsevol moment, podr\u00e0s exercir aquests Drets, mitjan\u00e7ant un escrit i acreditant la teva personalitat dirigit a Panet Group Bakery, SL amb adre\u00e7a de correu postal en Ctra. Santa Creu de Calafell 33, 2n pis, 08830 Sant Boi de Llobregat, Barcelona.<\/p><p>A m\u00e9s, podr\u00e0s presentar una reclamaci\u00f3 davant l\u2019autoritat de control, en aquest cas, l\u2019Ag\u00e8ncia Espanyola de Protecci\u00f3 de Dades, si consideres que el tractament de dades personals\u00a0infringeix la legislaci\u00f3 aplicable.<\/p>\t\t\t\t\t\t\t\t<\/div>\n\t\t\t\t<\/div>\n\t\t\t\t\t<\/div>\n\t\t<\/div>\n\t\t\t\t\t<\/div>\n\t\t<\/section>\n\t\t\t\t<\/div>","protected":false},"excerpt":{"rendered":"<p>POL\u00cdTICA DE COOKIES QU\u00c8 \u00c9S UNA COOKIE? Aquest lloc web utilitza cookies i\/o tecnologies similars que emmagatzemen i recuperen informaci\u00f3 quan navegues. En general, aquestes tecnologies poden servir per a finalitats molt diverses, com, per exemple, recon\u00e8ixer-te com a usuari, obtenir informaci\u00f3 sobre els teus h\u00e0bits de navegaci\u00f3 o personalitzes la forma en la qual [&hellip;]<\/p>\n","protected":false},"author":1,"featured_media":0,"parent":0,"menu_order":0,"comment_status":"closed","ping_status":"closed","template":"","meta":{"_sitemap_exclude":false,"_sitemap_priority":"","_sitemap_frequency":"","site-sidebar-layout":"no-sidebar","site-content-layout":"page-builder","ast-site-content-layout":"default","site-content-style":"default","site-sidebar-style":"default","ast-global-header-display":"","ast-banner-title-visibility":"","ast-main-header-display":"","ast-hfb-above-header-display":"","ast-hfb-below-header-display":"","ast-hfb-mobile-header-display":"","site-post-title":"disabled","ast-breadcrumbs-content":"","ast-featured-img":"disabled","footer-sml-layout":"","ast-disable-related-posts":"","theme-transparent-header-meta":"","adv-header-id-meta":"","stick-header-meta":"","header-above-stick-meta":"","header-main-stick-meta":"","header-below-stick-meta":"","astra-migrate-meta-layouts":"default","ast-page-background-enabled":"default","ast-page-background-meta":{"desktop":{"background-color":"var(--ast-global-color-4)","background-image":"","background-repeat":"repeat","background-position":"center center","background-size":"auto","background-attachment":"scroll","background-type":"","background-media":"","overlay-type":"","overlay-color":"","overlay-opacity":"","overlay-gradient":""},"tablet":{"background-color":"","background-image":"","background-repeat":"repeat","background-position":"center center","background-size":"auto","background-attachment":"scroll","background-type":"","background-media":"","overlay-type":"","overlay-color":"","overlay-opacity":"","overlay-gradient":""},"mobile":{"background-color":"","background-image":"","background-repeat":"repeat","background-position":"center center","background-size":"auto","background-attachment":"scroll","background-type":"","background-media":"","overlay-type":"","overlay-color":"","overlay-opacity":"","overlay-gradient":""}},"ast-content-background-meta":{"desktop":{"background-color":"var(--ast-global-color-5)","background-image":"","background-repeat":"repeat","background-position":"center center","background-size":"auto","background-attachment":"scroll","background-type":"","background-media":"","overlay-type":"","overlay-color":"","overlay-opacity":"","overlay-gradient":""},"tablet":{"background-color":"var(--ast-global-color-5)","background-image":"","background-repeat":"repeat","background-position":"center center","background-size":"auto","background-attachment":"scroll","background-type":"","background-media":"","overlay-type":"","overlay-color":"","overlay-opacity":"","overlay-gradient":""},"mobile":{"background-color":"var(--ast-global-color-5)","background-image":"","background-repeat":"repeat","background-position":"center center","background-size":"auto","background-attachment":"scroll","background-type":"","background-media":"","overlay-type":"","overlay-color":"","overlay-opacity":"","overlay-gradient":""}},"_joinchat":[],"footnotes":""},"localidad":[],"class_list":["post-299","page","type-page","status-publish","hentry"],"_links":{"self":[{"href":"https:\/\/panet.cat\/es\/wp-json\/wp\/v2\/pages\/299","targetHints":{"allow":["GET"]}}],"collection":[{"href":"https:\/\/panet.cat\/es\/wp-json\/wp\/v2\/pages"}],"about":[{"href":"https:\/\/panet.cat\/es\/wp-json\/wp\/v2\/types\/page"}],"author":[{"embeddable":true,"href":"https:\/\/panet.cat\/es\/wp-json\/wp\/v2\/users\/1"}],"replies":[{"embeddable":true,"href":"https:\/\/panet.cat\/es\/wp-json\/wp\/v2\/comments?post=299"}],"version-history":[{"count":11,"href":"https:\/\/panet.cat\/es\/wp-json\/wp\/v2\/pages\/299\/revisions"}],"predecessor-version":[{"id":3206,"href":"https:\/\/panet.cat\/es\/wp-json\/wp\/v2\/pages\/299\/revisions\/3206"}],"wp:attachment":[{"href":"https:\/\/panet.cat\/es\/wp-json\/wp\/v2\/media?parent=299"}],"wp:term":[{"taxonomy":"localidad","embeddable":true,"href":"https:\/\/panet.cat\/es\/wp-json\/wp\/v2\/localidad?post=299"}],"curies":[{"name":"wp","href":"https:\/\/api.w.org\/{rel}","templated":true}]}}