{"id":591,"date":"2022-11-15T16:32:38","date_gmt":"2022-11-15T16:32:38","guid":{"rendered":"https:\/\/panet.cat\/?page_id=591"},"modified":"2026-02-24T14:57:41","modified_gmt":"2026-02-24T14:57:41","slug":"productos","status":"publish","type":"page","link":"https:\/\/panet.cat\/es\/productos\/","title":{"rendered":"PRODUCTOS"},"content":{"rendered":"\t\t<div data-elementor-type=\"wp-page\" data-elementor-id=\"591\" class=\"elementor elementor-591\" data-elementor-post-type=\"page\">\n\t\t\t\t\t\t<section class=\"elementor-section elementor-top-section elementor-element elementor-element-e2b3212 elementor-section-full_width elementor-section-height-min-height elementor-section-height-default elementor-section-items-middle\" data-id=\"e2b3212\" data-element_type=\"section\" data-e-type=\"section\" data-settings=\"{&quot;background_background&quot;:&quot;classic&quot;}\">\n\t\t\t\t\t\t\t<div class=\"elementor-background-overlay\"><\/div>\n\t\t\t\t\t\t\t<div class=\"elementor-container elementor-column-gap-default\">\n\t\t\t\t\t<div class=\"elementor-column elementor-col-100 elementor-top-column elementor-element elementor-element-3b3fcd7\" data-id=\"3b3fcd7\" data-element_type=\"column\" data-e-type=\"column\">\n\t\t\t<div class=\"elementor-widget-wrap elementor-element-populated\">\n\t\t\t\t\t<div class=\"elementor-background-overlay\"><\/div>\n\t\t\t\t\t\t<div class=\"elementor-element elementor-element-a3f074a elementor-widget elementor-widget-heading\" data-id=\"a3f074a\" data-element_type=\"widget\" data-e-type=\"widget\" data-widget_type=\"heading.default\">\n\t\t\t\t<div class=\"elementor-widget-container\">\n\t\t\t\t\t<h1 class=\"elementor-heading-title elementor-size-default\">ELS NOSTRES PRODUCTES<\/h1>\t\t\t\t<\/div>\n\t\t\t\t<\/div>\n\t\t\t\t<div class=\"elementor-element elementor-element-3d8f72a elementor-widget elementor-widget-heading\" data-id=\"3d8f72a\" data-element_type=\"widget\" data-e-type=\"widget\" data-widget_type=\"heading.default\">\n\t\t\t\t<div class=\"elementor-widget-container\">\n\t\t\t\t\t<p class=\"elementor-heading-title elementor-size-default\">Una amplia gamma de productes artesanals per a tots els gustos<\/p>\t\t\t\t<\/div>\n\t\t\t\t<\/div>\n\t\t\t\t\t<\/div>\n\t\t<\/div>\n\t\t\t\t\t<\/div>\n\t\t<\/section>\n\t\t\t\t<section class=\"elementor-section elementor-top-section elementor-element elementor-element-9eb409a elementor-section-boxed elementor-section-height-default elementor-section-height-default\" data-id=\"9eb409a\" data-element_type=\"section\" data-e-type=\"section\">\n\t\t\t\t\t\t<div class=\"elementor-container elementor-column-gap-default\">\n\t\t\t\t\t<div class=\"elementor-column elementor-col-100 elementor-top-column elementor-element elementor-element-a3f885a\" data-id=\"a3f885a\" data-element_type=\"column\" data-e-type=\"column\">\n\t\t\t<div class=\"elementor-widget-wrap elementor-element-populated\">\n\t\t\t\t\t\t<div class=\"elementor-element elementor-element-76844f6 elementor-widget elementor-widget-heading\" data-id=\"76844f6\" data-element_type=\"widget\" data-e-type=\"widget\" data-widget_type=\"heading.default\">\n\t\t\t\t<div class=\"elementor-widget-container\">\n\t\t\t\t\t<h2 class=\"elementor-heading-title elementor-size-default\">Qu\u00e8 et ve de gust?\u200b<\/h2>\t\t\t\t<\/div>\n\t\t\t\t<\/div>\n\t\t\t\t\t<\/div>\n\t\t<\/div>\n\t\t\t\t\t<\/div>\n\t\t<\/section>\n\t\t\t\t<section class=\"elementor-section elementor-top-section elementor-element elementor-element-1feb758 elementor-section-boxed elementor-section-height-default elementor-section-height-default\" data-id=\"1feb758\" data-element_type=\"section\" data-e-type=\"section\">\n\t\t\t\t\t\t<div class=\"elementor-container elementor-column-gap-default\">\n\t\t\t\t\t<div class=\"elementor-column elementor-col-100 elementor-top-column elementor-element elementor-element-bd6ef87\" data-id=\"bd6ef87\" data-element_type=\"column\" data-e-type=\"column\">\n\t\t\t<div class=\"elementor-widget-wrap elementor-element-populated\">\n\t\t\t\t\t\t<div class=\"elementor-element elementor-element-20e9582 elementor-widget elementor-widget-text-editor\" data-id=\"20e9582\" data-element_type=\"widget\" data-e-type=\"widget\" data-widget_type=\"text-editor.default\">\n\t\t\t\t<div class=\"elementor-widget-container\">\n\t\t\t\t\t\t\t\t\t<p style=\"text-align: center;\">A qualsevol de les nostres botigues Panet podr\u00e0s triar entre un munt de productes t\u00edpics artesanals, rebosteria i fleca, aix\u00ed com del servei de cafeteria. Oferim una relaci\u00f3 entre qualitat i preu excepcional i diverses ofertes o promocions per prendre alguna cosa. Que vagi de gust!<\/p>\t\t\t\t\t\t\t\t<\/div>\n\t\t\t\t<\/div>\n\t\t\t\t\t<\/div>\n\t\t<\/div>\n\t\t\t\t\t<\/div>\n\t\t<\/section>\n\t\t\t\t<section class=\"elementor-section elementor-top-section elementor-element elementor-element-8ffec7f elementor-section-boxed elementor-section-height-default elementor-section-height-default elementor-invisible\" data-id=\"8ffec7f\" data-element_type=\"section\" data-e-type=\"section\" data-settings=\"{&quot;animation&quot;:&quot;zoomIn&quot;}\">\n\t\t\t\t\t\t<div class=\"elementor-container elementor-column-gap-default\">\n\t\t\t\t\t<div class=\"elementor-column elementor-col-100 elementor-top-column elementor-element elementor-element-fcf1ce1\" data-id=\"fcf1ce1\" data-element_type=\"column\" data-e-type=\"column\">\n\t\t\t<div class=\"elementor-widget-wrap elementor-element-populated\">\n\t\t\t\t\t\t<div class=\"elementor-element elementor-element-d59eebc elementor-widget__width-inherit elementor-grid-4 elementor-grid-tablet-3 elementor-grid-mobile-2 elementor-products-grid elementor-wc-products elementor-widget elementor-widget-wc-categories\" data-id=\"d59eebc\" data-element_type=\"widget\" data-e-type=\"widget\" data-widget_type=\"wc-categories.default\">\n\t\t\t\t<div class=\"elementor-widget-container\">\n\t\t\t\t\t<div class=\"woocommerce columns-4\"><ul class=\"products elementor-grid columns-4\">\n<li class=\"product-category product first\">\n\t<a aria-label=\"Visitar la categor\u00eda de producto C\u00e0tering\" href=\"https:\/\/panet.cat\/es\/productes-panet\/catering\/\"><img decoding=\"async\" src=\"https:\/\/panet.cat\/wp-content\/uploads\/2022\/11\/Safata-Canapes-24-Unitats-300x300.jpg\" alt=\"C\u00e0tering\" width=\"300\" height=\"\" srcset=\"https:\/\/panet.cat\/wp-content\/uploads\/2022\/11\/Safata-Canapes-24-Unitats-300x300.jpg 300w, https:\/\/panet.cat\/wp-content\/uploads\/2022\/11\/Safata-Canapes-24-Unitats-100x100.jpg 100w, https:\/\/panet.cat\/wp-content\/uploads\/2022\/11\/Safata-Canapes-24-Unitats-150x150.jpg 150w, https:\/\/panet.cat\/wp-content\/uploads\/2022\/11\/Safata-Canapes-24-Unitats.jpg 600w\" sizes=\"(max-width: 300px) 100vw, 300px\" \/>\t\t<h2 class=\"woocommerce-loop-category__title\">\n\t\t\tC\u00e0tering<mark class=\"count\">25 productos<\/mark>\t\t<\/h2>\n\t\t<\/a><\/li>\n<li class=\"product-category product\">\n\t<a aria-label=\"Visitar la categor\u00eda de producto Pastisseria\" href=\"https:\/\/panet.cat\/es\/productes-panet\/pastisseria\/\"><img decoding=\"async\" src=\"https:\/\/panet.cat\/wp-content\/uploads\/2022\/11\/Mousse-de-Xocolata-blanca-Maracuja-i-Coco-300x300.jpg\" alt=\"Pastisseria\" width=\"300\" height=\"\" srcset=\"https:\/\/panet.cat\/wp-content\/uploads\/2022\/11\/Mousse-de-Xocolata-blanca-Maracuja-i-Coco-300x300.jpg 300w, https:\/\/panet.cat\/wp-content\/uploads\/2022\/11\/Mousse-de-Xocolata-blanca-Maracuja-i-Coco-100x100.jpg 100w, https:\/\/panet.cat\/wp-content\/uploads\/2022\/11\/Mousse-de-Xocolata-blanca-Maracuja-i-Coco-150x150.jpg 150w, https:\/\/panet.cat\/wp-content\/uploads\/2022\/11\/Mousse-de-Xocolata-blanca-Maracuja-i-Coco.jpg 600w\" sizes=\"(max-width: 300px) 100vw, 300px\" \/>\t\t<h2 class=\"woocommerce-loop-category__title\">\n\t\t\tPastisseria<mark class=\"count\">35 productos<\/mark>\t\t<\/h2>\n\t\t<\/a><\/li>\n<li class=\"product-category product\">\n\t<a aria-label=\"Visitar la categor\u00eda de producto Brioixeria\" href=\"https:\/\/panet.cat\/es\/productes-panet\/brioixeria\/\"><img decoding=\"async\" src=\"https:\/\/panet.cat\/wp-content\/uploads\/2022\/11\/croissant_choco_700x700-300x300.png\" alt=\"Brioixeria\" width=\"300\" height=\"\" srcset=\"https:\/\/panet.cat\/wp-content\/uploads\/2022\/11\/croissant_choco_700x700-300x300.png 300w, https:\/\/panet.cat\/wp-content\/uploads\/2022\/11\/croissant_choco_700x700-150x150.png 150w, https:\/\/panet.cat\/wp-content\/uploads\/2022\/11\/croissant_choco_700x700-12x12.png 12w, https:\/\/panet.cat\/wp-content\/uploads\/2022\/11\/croissant_choco_700x700-600x600.png 600w, https:\/\/panet.cat\/wp-content\/uploads\/2022\/11\/croissant_choco_700x700-100x100.png 100w, https:\/\/panet.cat\/wp-content\/uploads\/2022\/11\/croissant_choco_700x700.png 700w\" sizes=\"(max-width: 300px) 100vw, 300px\" \/>\t\t<h2 class=\"woocommerce-loop-category__title\">\n\t\t\tBrioixeria<mark class=\"count\">26 productos<\/mark>\t\t<\/h2>\n\t\t<\/a><\/li>\n<li class=\"product-category product last\">\n\t<a aria-label=\"Visitar la categor\u00eda de producto Pa\" href=\"https:\/\/panet.cat\/es\/productes-panet\/pa\/\"><img decoding=\"async\" src=\"https:\/\/panet.cat\/wp-content\/uploads\/2022\/11\/barra-medio-300x300.jpg\" alt=\"Pa\" width=\"300\" height=\"\" srcset=\"https:\/\/panet.cat\/wp-content\/uploads\/2022\/11\/barra-medio-300x300.jpg 300w, https:\/\/panet.cat\/wp-content\/uploads\/2022\/11\/barra-medio-100x100.jpg 100w, https:\/\/panet.cat\/wp-content\/uploads\/2022\/11\/barra-medio-150x150.jpg 150w, https:\/\/panet.cat\/wp-content\/uploads\/2022\/11\/barra-medio.jpg 600w\" sizes=\"(max-width: 300px) 100vw, 300px\" \/>\t\t<h2 class=\"woocommerce-loop-category__title\">\n\t\t\tPa<mark class=\"count\">25 productos<\/mark>\t\t<\/h2>\n\t\t<\/a><\/li>\n<\/ul>\n<\/div>\t\t\t\t<\/div>\n\t\t\t\t<\/div>\n\t\t\t\t\t<\/div>\n\t\t<\/div>\n\t\t\t\t\t<\/div>\n\t\t<\/section>\n\t\t\t\t<section class=\"elementor-section elementor-top-section elementor-element elementor-element-bced2ee elementor-section-full_width elementor-section-height-default elementor-section-height-default\" data-id=\"bced2ee\" data-element_type=\"section\" data-e-type=\"section\" data-settings=\"{&quot;background_background&quot;:&quot;classic&quot;}\">\n\t\t\t\t\t\t<div class=\"elementor-container elementor-column-gap-default\">\n\t\t\t\t\t<div class=\"elementor-column elementor-col-100 elementor-top-column elementor-element elementor-element-3ff0bef\" data-id=\"3ff0bef\" data-element_type=\"column\" data-e-type=\"column\" data-settings=\"{&quot;background_background&quot;:&quot;classic&quot;,&quot;background_motion_fx_motion_fx_scrolling&quot;:&quot;yes&quot;,&quot;background_motion_fx_translateY_effect&quot;:&quot;yes&quot;,&quot;background_motion_fx_translateY_speed&quot;:{&quot;unit&quot;:&quot;px&quot;,&quot;size&quot;:4.4,&quot;sizes&quot;:[]},&quot;background_motion_fx_translateY_affectedRange&quot;:{&quot;unit&quot;:&quot;%&quot;,&quot;size&quot;:&quot;&quot;,&quot;sizes&quot;:{&quot;start&quot;:0,&quot;end&quot;:100}},&quot;background_motion_fx_devices&quot;:[&quot;desktop&quot;,&quot;tablet&quot;,&quot;mobile&quot;]}\">\n\t\t\t<div class=\"elementor-widget-wrap elementor-element-populated\">\n\t\t\t\t\t<div class=\"elementor-background-overlay\"><\/div>\n\t\t\t\t\t\t<div class=\"elementor-element elementor-element-a112ecb elementor-widget elementor-widget-spacer\" data-id=\"a112ecb\" data-element_type=\"widget\" data-e-type=\"widget\" data-widget_type=\"spacer.default\">\n\t\t\t\t<div class=\"elementor-widget-container\">\n\t\t\t\t\t\t\t<div class=\"elementor-spacer\">\n\t\t\t<div class=\"elementor-spacer-inner\"><\/div>\n\t\t<\/div>\n\t\t\t\t\t\t<\/div>\n\t\t\t\t<\/div>\n\t\t\t\t<div class=\"elementor-element elementor-element-95aa0c1 elementor-widget elementor-widget-heading\" data-id=\"95aa0c1\" data-element_type=\"widget\" data-e-type=\"widget\" data-widget_type=\"heading.default\">\n\t\t\t\t<div class=\"elementor-widget-container\">\n\t\t\t\t\t<h2 class=\"elementor-heading-title elementor-size-default\">COMPRA ONLINE I RECULL A LA BOTIGA<\/h2>\t\t\t\t<\/div>\n\t\t\t\t<\/div>\n\t\t\t\t<div class=\"elementor-element elementor-element-78de809 elementor-widget elementor-widget-heading\" data-id=\"78de809\" data-element_type=\"widget\" data-e-type=\"widget\" data-widget_type=\"heading.default\">\n\t\t\t\t<div class=\"elementor-widget-container\">\n\t\t\t\t\t<h3 class=\"elementor-heading-title elementor-size-default\">Pastisseria i c\u00e0tering<\/h3>\t\t\t\t<\/div>\n\t\t\t\t<\/div>\n\t\t\t\t<div class=\"elementor-element elementor-element-12378bf elementor-align-center elementor-widget elementor-widget-button\" data-id=\"12378bf\" data-element_type=\"widget\" data-e-type=\"widget\" data-widget_type=\"button.default\">\n\t\t\t\t<div class=\"elementor-widget-container\">\n\t\t\t\t\t\t\t\t\t<div class=\"elementor-button-wrapper\">\n\t\t\t\t\t<a class=\"elementor-button elementor-button-link elementor-size-md\" href=\"https:\/\/botigaonline.panet.cat\/\" target=\"_blank\">\n\t\t\t\t\t\t<span class=\"elementor-button-content-wrapper\">\n\t\t\t\t\t\t\t\t\t<span class=\"elementor-button-text\">Fer comanda<\/span>\n\t\t\t\t\t<\/span>\n\t\t\t\t\t<\/a>\n\t\t\t\t<\/div>\n\t\t\t\t\t\t\t\t<\/div>\n\t\t\t\t<\/div>\n\t\t\t\t<div class=\"elementor-element elementor-element-ddd8016 elementor-widget elementor-widget-spacer\" data-id=\"ddd8016\" data-element_type=\"widget\" data-e-type=\"widget\" data-widget_type=\"spacer.default\">\n\t\t\t\t<div class=\"elementor-widget-container\">\n\t\t\t\t\t\t\t<div class=\"elementor-spacer\">\n\t\t\t<div class=\"elementor-spacer-inner\"><\/div>\n\t\t<\/div>\n\t\t\t\t\t\t<\/div>\n\t\t\t\t<\/div>\n\t\t\t\t\t<\/div>\n\t\t<\/div>\n\t\t\t\t\t<\/div>\n\t\t<\/section>\n\t\t\t\t<\/div>\n\t\t","protected":false},"excerpt":{"rendered":"<p>ELS NOSTRES PRODUCTES Una amplia gamma de productes artesanals per a tots els gustos Qu\u00e8 et ve de gust?\u200b A qualsevol de les nostres botigues Panet podr\u00e0s triar entre un munt de productes t\u00edpics artesanals, rebosteria i fleca, aix\u00ed com del servei de cafeteria. Oferim una relaci\u00f3 entre qualitat i preu excepcional i diverses ofertes [&hellip;]<\/p>\n","protected":false},"author":1,"featured_media":0,"parent":0,"menu_order":0,"comment_status":"closed","ping_status":"closed","template":"","meta":{"_sitemap_exclude":false,"_sitemap_priority":"","_sitemap_frequency":"","site-sidebar-layout":"no-sidebar","site-content-layout":"page-builder","ast-site-content-layout":"default","site-content-style":"default","site-sidebar-style":"default","ast-global-header-display":"","ast-banner-title-visibility":"","ast-main-header-display":"","ast-hfb-above-header-display":"","ast-hfb-below-header-display":"","ast-hfb-mobile-header-display":"","site-post-title":"disabled","ast-breadcrumbs-content":"","ast-featured-img":"disabled","footer-sml-layout":"","ast-disable-related-posts":"","theme-transparent-header-meta":"","adv-header-id-meta":"","stick-header-meta":"","header-above-stick-meta":"","header-main-stick-meta":"","header-below-stick-meta":"","astra-migrate-meta-layouts":"default","ast-page-background-enabled":"default","ast-page-background-meta":{"desktop":{"background-color":"var(--ast-global-color-4)","background-image":"","background-repeat":"repeat","background-position":"center center","background-size":"auto","background-attachment":"scroll","background-type":"","background-media":"","overlay-type":"","overlay-color":"","overlay-opacity":"","overlay-gradient":""},"tablet":{"background-color":"","background-image":"","background-repeat":"repeat","background-position":"center center","background-size":"auto","background-attachment":"scroll","background-type":"","background-media":"","overlay-type":"","overlay-color":"","overlay-opacity":"","overlay-gradient":""},"mobile":{"background-color":"","background-image":"","background-repeat":"repeat","background-position":"center center","background-size":"auto","background-attachment":"scroll","background-type":"","background-media":"","overlay-type":"","overlay-color":"","overlay-opacity":"","overlay-gradient":""}},"ast-content-background-meta":{"desktop":{"background-color":"var(--ast-global-color-5)","background-image":"","background-repeat":"repeat","background-position":"center center","background-size":"auto","background-attachment":"scroll","background-type":"","background-media":"","overlay-type":"","overlay-color":"","overlay-opacity":"","overlay-gradient":""},"tablet":{"background-color":"var(--ast-global-color-5)","background-image":"","background-repeat":"repeat","background-position":"center center","background-size":"auto","background-attachment":"scroll","background-type":"","background-media":"","overlay-type":"","overlay-color":"","overlay-opacity":"","overlay-gradient":""},"mobile":{"background-color":"var(--ast-global-color-5)","background-image":"","background-repeat":"repeat","background-position":"center center","background-size":"auto","background-attachment":"scroll","background-type":"","background-media":"","overlay-type":"","overlay-color":"","overlay-opacity":"","overlay-gradient":""}},"_joinchat":[],"footnotes":""},"localidad":[],"class_list":["post-591","page","type-page","status-publish","hentry"],"_links":{"self":[{"href":"https:\/\/panet.cat\/es\/wp-json\/wp\/v2\/pages\/591","targetHints":{"allow":["GET"]}}],"collection":[{"href":"https:\/\/panet.cat\/es\/wp-json\/wp\/v2\/pages"}],"about":[{"href":"https:\/\/panet.cat\/es\/wp-json\/wp\/v2\/types\/page"}],"author":[{"embeddable":true,"href":"https:\/\/panet.cat\/es\/wp-json\/wp\/v2\/users\/1"}],"replies":[{"embeddable":true,"href":"https:\/\/panet.cat\/es\/wp-json\/wp\/v2\/comments?post=591"}],"version-history":[{"count":122,"href":"https:\/\/panet.cat\/es\/wp-json\/wp\/v2\/pages\/591\/revisions"}],"predecessor-version":[{"id":4651,"href":"https:\/\/panet.cat\/es\/wp-json\/wp\/v2\/pages\/591\/revisions\/4651"}],"wp:attachment":[{"href":"https:\/\/panet.cat\/es\/wp-json\/wp\/v2\/media?parent=591"}],"wp:term":[{"taxonomy":"localidad","embeddable":true,"href":"https:\/\/panet.cat\/es\/wp-json\/wp\/v2\/localidad?post=591"}],"curies":[{"name":"wp","href":"https:\/\/api.w.org\/{rel}","templated":true}]}}