{"id":27,"date":"2022-11-09T14:49:57","date_gmt":"2022-11-09T14:49:57","guid":{"rendered":"https:\/\/panet.cat\/?post_type=product&#038;p=27"},"modified":"2022-11-09T14:50:00","modified_gmt":"2022-11-09T14:50:00","slug":"barra-gallega","status":"publish","type":"product","link":"https:\/\/panet.cat\/es\/producto\/barra-gallega\/","title":{"rendered":"Barra Gallega"},"content":{"rendered":"<p>T\u00edpica massa provinent de Gal\u00edcia, ben hidratada i amb massa mare de blat i de s\u00e8gol integral. Ideal per acompanyar grans \u00e0pats de sucar-hi pa!<\/p>","protected":false},"excerpt":{"rendered":"<p>T\u00edpica massa provinent de Gal\u00edcia, ben hidratada i amb massa mare de blat i de s\u00e8gol integral. Ideal per acompanyar grans \u00e0pats de sucar-hi pa!<\/p>","protected":false},"featured_media":57,"template":"","meta":{"_sitemap_exclude":false,"_sitemap_priority":"","_sitemap_frequency":"","site-sidebar-layout":"default","site-content-layout":"","ast-site-content-layout":"default","site-content-style":"default","site-sidebar-style":"default","ast-global-header-display":"","ast-banner-title-visibility":"","ast-main-header-display":"","ast-hfb-above-header-display":"","ast-hfb-below-header-display":"","ast-hfb-mobile-header-display":"","site-post-title":"","ast-breadcrumbs-content":"","ast-featured-img":"","footer-sml-layout":"","ast-disable-related-posts":"","theme-transparent-header-meta":"","adv-header-id-meta":"","stick-header-meta":"","header-above-stick-meta":"","header-main-stick-meta":"","header-below-stick-meta":"","astra-migrate-meta-layouts":"default","ast-page-background-enabled":"default","ast-page-background-meta":{"desktop":{"background-color":"var(--ast-global-color-4)","background-image":"","background-repeat":"repeat","background-position":"center center","background-size":"auto","background-attachment":"scroll","background-type":"","background-media":"","overlay-type":"","overlay-color":"","overlay-opacity":"","overlay-gradient":""},"tablet":{"background-color":"","background-image":"","background-repeat":"repeat","background-position":"center center","background-size":"auto","background-attachment":"scroll","background-type":"","background-media":"","overlay-type":"","overlay-color":"","overlay-opacity":"","overlay-gradient":""},"mobile":{"background-color":"","background-image":"","background-repeat":"repeat","background-position":"center center","background-size":"auto","background-attachment":"scroll","background-type":"","background-media":"","overlay-type":"","overlay-color":"","overlay-opacity":"","overlay-gradient":""}},"ast-content-background-meta":{"desktop":{"background-color":"var(--ast-global-color-5)","background-image":"","background-repeat":"repeat","background-position":"center center","background-size":"auto","background-attachment":"scroll","background-type":"","background-media":"","overlay-type":"","overlay-color":"","overlay-opacity":"","overlay-gradient":""},"tablet":{"background-color":"var(--ast-global-color-5)","background-image":"","background-repeat":"repeat","background-position":"center center","background-size":"auto","background-attachment":"scroll","background-type":"","background-media":"","overlay-type":"","overlay-color":"","overlay-opacity":"","overlay-gradient":""},"mobile":{"background-color":"var(--ast-global-color-5)","background-image":"","background-repeat":"repeat","background-position":"center center","background-size":"auto","background-attachment":"scroll","background-type":"","background-media":"","overlay-type":"","overlay-color":"","overlay-opacity":"","overlay-gradient":""}},"_joinchat":[]},"product_brand":[],"product_cat":[16],"product_tag":[],"localidad":[],"class_list":{"0":"post-27","1":"product","2":"type-product","3":"status-publish","4":"has-post-thumbnail","6":"product_cat-pa","7":"desktop-align-center","8":"tablet-align-left","9":"mobile-align-left","11":"first","12":"instock","13":"shipping-taxable","14":"product-type-simple"},"_links":{"self":[{"href":"https:\/\/panet.cat\/es\/wp-json\/wp\/v2\/product\/27","targetHints":{"allow":["GET"]}}],"collection":[{"href":"https:\/\/panet.cat\/es\/wp-json\/wp\/v2\/product"}],"about":[{"href":"https:\/\/panet.cat\/es\/wp-json\/wp\/v2\/types\/product"}],"version-history":[{"count":0,"href":"https:\/\/panet.cat\/es\/wp-json\/wp\/v2\/product\/27\/revisions"}],"wp:featuredmedia":[{"embeddable":true,"href":"https:\/\/panet.cat\/es\/wp-json\/wp\/v2\/media\/57"}],"wp:attachment":[{"href":"https:\/\/panet.cat\/es\/wp-json\/wp\/v2\/media?parent=27"}],"wp:term":[{"taxonomy":"product_brand","embeddable":true,"href":"https:\/\/panet.cat\/es\/wp-json\/wp\/v2\/product_brand?post=27"},{"taxonomy":"product_cat","embeddable":true,"href":"https:\/\/panet.cat\/es\/wp-json\/wp\/v2\/product_cat?post=27"},{"taxonomy":"product_tag","embeddable":true,"href":"https:\/\/panet.cat\/es\/wp-json\/wp\/v2\/product_tag?post=27"},{"taxonomy":"localidad","embeddable":true,"href":"https:\/\/panet.cat\/es\/wp-json\/wp\/v2\/localidad?post=27"}],"curies":[{"name":"wp","href":"https:\/\/api.w.org\/{rel}","templated":true}]}}